{"id":2517,"date":"2023-07-06T06:38:20","date_gmt":"2023-07-06T06:38:20","guid":{"rendered":"https:\/\/demos.ascendoor.com\/elementory-agency\/?page_id=9"},"modified":"2025-01-29T12:54:00","modified_gmt":"2025-01-29T15:54:00","slug":"nosotros","status":"publish","type":"page","link":"https:\/\/argentinaweek.ar\/espana\/nosotros\/","title":{"rendered":"Nosotros"},"content":{"rendered":"\t\t<div data-elementor-type=\"wp-page\" data-elementor-id=\"2517\" class=\"elementor elementor-2517\">\n\t\t\t\t\t\t<section class=\"elementor-section elementor-top-section elementor-element elementor-element-2f4a7067 elementor-section-full_width elementor-section-stretched elementor-section-height-default elementor-section-height-default\" data-id=\"2f4a7067\" data-element_type=\"section\" data-settings=\"{&quot;stretch_section&quot;:&quot;section-stretched&quot;,&quot;background_background&quot;:&quot;classic&quot;}\">\n\t\t\t\t\t\t<div class=\"elementor-container elementor-column-gap-no\">\n\t\t\t\t\t<div class=\"elementor-column elementor-col-100 elementor-top-column elementor-element elementor-element-6ea78949\" data-id=\"6ea78949\" data-element_type=\"column\">\n\t\t\t<div class=\"elementor-widget-wrap elementor-element-populated\">\n\t\t\t\t\t\t<section class=\"elementor-section elementor-inner-section elementor-element elementor-element-6e9a4fef elementor-section-boxed elementor-section-height-default elementor-section-height-default\" data-id=\"6e9a4fef\" data-element_type=\"section\">\n\t\t\t\t\t\t<div class=\"elementor-container elementor-column-gap-default\">\n\t\t\t\t\t<div class=\"elementor-column elementor-col-100 elementor-inner-column elementor-element elementor-element-38b013b4\" data-id=\"38b013b4\" data-element_type=\"column\">\n\t\t\t<div class=\"elementor-widget-wrap elementor-element-populated\">\n\t\t\t\t\t\t<div class=\"elementor-element elementor-element-1776efee elementor-widget elementor-widget-heading\" data-id=\"1776efee\" data-element_type=\"widget\" data-widget_type=\"heading.default\">\n\t\t\t\t<div class=\"elementor-widget-container\">\n\t\t\t\t\t<h2 class=\"elementor-heading-title elementor-size-default\">Nosotros<\/h2>\t\t\t\t<\/div>\n\t\t\t\t<\/div>\n\t\t\t\t\t<\/div>\n\t\t<\/div>\n\t\t\t\t\t<\/div>\n\t\t<\/section>\n\t\t\t\t\t<\/div>\n\t\t<\/div>\n\t\t\t\t\t<\/div>\n\t\t<\/section>\n\t\t\t\t<section class=\"elementor-section elementor-top-section elementor-element elementor-element-6771d45b elementor-section-boxed elementor-section-height-default elementor-section-height-default\" data-id=\"6771d45b\" data-element_type=\"section\">\n\t\t\t\t\t\t<div class=\"elementor-container elementor-column-gap-default\">\n\t\t\t\t\t<div class=\"elementor-column elementor-col-50 elementor-top-column elementor-element elementor-element-1deefaa2\" data-id=\"1deefaa2\" data-element_type=\"column\">\n\t\t\t<div class=\"elementor-widget-wrap elementor-element-populated\">\n\t\t\t\t\t\t<div class=\"elementor-element elementor-element-4b6f03c7 elementor-widget elementor-widget-sina_title\" data-id=\"4b6f03c7\" data-element_type=\"widget\" data-widget_type=\"sina_title.default\">\n\t\t\t\t<div class=\"elementor-widget-container\">\n\t\t\t\t\t\t\t<div class=\"sina-title\">\r\n\t\t\t\r\n\t\t\t\t\t\t\t<h2 class=\"sina-title-title\"> Semana Argentina <span>en Espa\u00f1a<\/span><\/h2>\t\t\t\r\n\t\t\t\t\t\t\t<div class=\"sina-separator-wrap sina-flex\">\r\n\t\t\t\t\t<div class=\"sina-separator \"><\/div>\r\n\t\t\t\t<\/div>\r\n\t\t\t\r\n\t\t\t\r\n\t\t\t\t\t<\/div><!-- .sina-title -->\r\n\t\t\t\t\t\t<\/div>\n\t\t\t\t<\/div>\n\t\t\t\t\t<\/div>\n\t\t<\/div>\n\t\t\t\t<div class=\"elementor-column elementor-col-50 elementor-top-column elementor-element elementor-element-1f043456\" data-id=\"1f043456\" data-element_type=\"column\">\n\t\t\t<div class=\"elementor-widget-wrap elementor-element-populated\">\n\t\t\t\t\t\t<div class=\"elementor-element elementor-element-44d496ce elementor-widget elementor-widget-text-editor\" data-id=\"44d496ce\" data-element_type=\"widget\" data-widget_type=\"text-editor.default\">\n\t\t\t\t<div class=\"elementor-widget-container\">\n\t\t\t\t\t\t\t\t\t<p><span data-contrast=\"auto\">\u00a1Del 3 al 10 de marzo, vive una experiencia 100% argentina!<\/span><span data-ccp-props=\"{}\">\u00a0<\/span><\/p><p><span data-contrast=\"auto\">Prueba lo mejor de nuestra gastronom\u00eda, d\u00e9jate sorprender por nuestra cultura y descubre c\u00f3mo la tecnolog\u00eda nos conecta con el mundo.\u00a0<\/span><span data-ccp-props=\"{}\">\u00a0<\/span><\/p><p><span data-contrast=\"auto\">Una semana para celebrar lo mejor de nuestra tierra.<\/span><span data-ccp-props=\"{}\">\u00a0<\/span><\/p>\t\t\t\t\t\t\t\t<\/div>\n\t\t\t\t<\/div>\n\t\t\t\t\t<\/div>\n\t\t<\/div>\n\t\t\t\t\t<\/div>\n\t\t<\/section>\n\t\t\t\t<section class=\"elementor-section elementor-top-section elementor-element elementor-element-571ce17f elementor-section-boxed elementor-section-height-default elementor-section-height-default\" data-id=\"571ce17f\" data-element_type=\"section\" data-settings=\"{&quot;background_background&quot;:&quot;classic&quot;}\">\n\t\t\t\t\t\t<div class=\"elementor-container elementor-column-gap-extended\">\n\t\t\t\t\t<div class=\"elementor-column elementor-col-50 elementor-top-column elementor-element elementor-element-707f4aee\" data-id=\"707f4aee\" data-element_type=\"column\" data-settings=\"{&quot;background_background&quot;:&quot;classic&quot;}\">\n\t\t\t<div class=\"elementor-widget-wrap elementor-element-populated\">\n\t\t\t\t\t\t<section class=\"elementor-section elementor-inner-section elementor-element elementor-element-99ec3f4 elementor-section-boxed elementor-section-height-default elementor-section-height-default\" data-id=\"99ec3f4\" data-element_type=\"section\">\n\t\t\t\t\t\t<div class=\"elementor-container elementor-column-gap-default\">\n\t\t\t\t\t<div class=\"elementor-column elementor-col-100 elementor-inner-column elementor-element elementor-element-388f7d0d\" data-id=\"388f7d0d\" data-element_type=\"column\" data-settings=\"{&quot;background_background&quot;:&quot;classic&quot;}\">\n\t\t\t<div class=\"elementor-widget-wrap elementor-element-populated\">\n\t\t\t\t\t\t<div class=\"elementor-element elementor-element-50feb683 elementor-widget elementor-widget-heading\" data-id=\"50feb683\" data-element_type=\"widget\" data-widget_type=\"heading.default\">\n\t\t\t\t<div class=\"elementor-widget-container\">\n\t\t\t\t\t<h2 class=\"elementor-heading-title elementor-size-default\">\u00bfQu\u00e9 es la Semana Argentina?<\/h2>\t\t\t\t<\/div>\n\t\t\t\t<\/div>\n\t\t\t\t<div class=\"elementor-element elementor-element-b139694 elementor-widget elementor-widget-text-editor\" data-id=\"b139694\" data-element_type=\"widget\" data-widget_type=\"text-editor.default\">\n\t\t\t\t<div class=\"elementor-widget-container\">\n\t\t\t\t\t\t\t\t\t<p><span class=\"NormalTextRun SCXW239785324 BCX8\">Las Semanas Argentinas busca celebrar y compartir los atributos que hacen de nuestro pa\u00eds un lugar \u00fanico y reconocido en el mundo. Estas acciones, realizadas en alianza con <\/span><span class=\"NormalTextRun SCXW239785324 BCX8\">actores <\/span><span class=\"NormalTextRun SCXW239785324 BCX8\">estrat\u00e9gicos, tienen como prop\u00f3sito aumentar nuestra presencia internacional y mostrar la riqueza de nuestra diversidad, siempre destacando lo mejor de Argentina<\/span><\/p>\t\t\t\t\t\t\t\t<\/div>\n\t\t\t\t<\/div>\n\t\t\t\t\t<\/div>\n\t\t<\/div>\n\t\t\t\t\t<\/div>\n\t\t<\/section>\n\t\t\t\t\t<\/div>\n\t\t<\/div>\n\t\t\t\t<div class=\"elementor-column elementor-col-50 elementor-top-column elementor-element elementor-element-203315e6\" data-id=\"203315e6\" data-element_type=\"column\" data-settings=\"{&quot;background_background&quot;:&quot;classic&quot;}\">\n\t\t\t<div class=\"elementor-widget-wrap elementor-element-populated\">\n\t\t\t\t\t\t<section class=\"elementor-section elementor-inner-section elementor-element elementor-element-5072cf05 elementor-section-boxed elementor-section-height-default elementor-section-height-default\" data-id=\"5072cf05\" data-element_type=\"section\">\n\t\t\t\t\t\t<div class=\"elementor-container elementor-column-gap-default\">\n\t\t\t\t\t<div class=\"elementor-column elementor-col-100 elementor-inner-column elementor-element elementor-element-211bede0\" data-id=\"211bede0\" data-element_type=\"column\" data-settings=\"{&quot;background_background&quot;:&quot;classic&quot;}\">\n\t\t\t<div class=\"elementor-widget-wrap elementor-element-populated\">\n\t\t\t\t\t\t<div class=\"elementor-element elementor-element-5bef24e6 elementor-widget elementor-widget-heading\" data-id=\"5bef24e6\" data-element_type=\"widget\" data-widget_type=\"heading.default\">\n\t\t\t\t<div class=\"elementor-widget-container\">\n\t\t\t\t\t<h2 class=\"elementor-heading-title elementor-size-default\">\u00bfQui\u00e9nes participan?<\/h2>\t\t\t\t<\/div>\n\t\t\t\t<\/div>\n\t\t\t\t<div class=\"elementor-element elementor-element-55ca6098 elementor-widget elementor-widget-text-editor\" data-id=\"55ca6098\" data-element_type=\"widget\" data-widget_type=\"text-editor.default\">\n\t\t\t\t<div class=\"elementor-widget-container\">\n\t\t\t\t\t\t\t\t\t<p><span class=\"NormalTextRun SCXW27474524 BCX8\">La Semana Argentina en Espa\u00f1a cuenta c<\/span><span class=\"NormalTextRun SCXW27474524 BCX8\">on<\/span><span class=\"NormalTextRun SCXW27474524 BCX8\"> el apoyo de <\/span><span class=\"NormalTextRun SCXW27474524 BCX8\">marcas <\/span><span class=\"NormalTextRun SCXW27474524 BCX8\">y establecimientos <\/span><span class=\"NormalTextRun SCXW27474524 BCX8\">argentin<\/span><span class=\"NormalTextRun SCXW27474524 BCX8\">os<\/span><span class=\"NormalTextRun SCXW27474524 BCX8\"> que ofrecen promociones especiales y una selecci\u00f3n de productos argentinos que reflejan nuestra diversidad.<\/span><\/p>\t\t\t\t\t\t\t\t<\/div>\n\t\t\t\t<\/div>\n\t\t\t\t\t<\/div>\n\t\t<\/div>\n\t\t\t\t\t<\/div>\n\t\t<\/section>\n\t\t\t\t\t<\/div>\n\t\t<\/div>\n\t\t\t\t\t<\/div>\n\t\t<\/section>\n\t\t\t\t<\/div>\n\t\t","protected":false},"excerpt":{"rendered":"<p>Nosotros Semana Argentina en Espa\u00f1a \u00a1Del 3 al 10 de marzo, vive una experiencia 100% argentina!\u00a0 Prueba lo mejor de&hellip;<\/p>\n","protected":false},"author":1,"featured_media":0,"parent":0,"menu_order":0,"comment_status":"closed","ping_status":"closed","template":"elementor_header_footer","meta":{"footnotes":""},"class_list":["post-2517","page","type-page","status-publish","hentry"],"amp_enabled":true,"_links":{"self":[{"href":"https:\/\/argentinaweek.ar\/espana\/wp-json\/wp\/v2\/pages\/2517","targetHints":{"allow":["GET"]}}],"collection":[{"href":"https:\/\/argentinaweek.ar\/espana\/wp-json\/wp\/v2\/pages"}],"about":[{"href":"https:\/\/argentinaweek.ar\/espana\/wp-json\/wp\/v2\/types\/page"}],"author":[{"embeddable":true,"href":"https:\/\/argentinaweek.ar\/espana\/wp-json\/wp\/v2\/users\/1"}],"replies":[{"embeddable":true,"href":"https:\/\/argentinaweek.ar\/espana\/wp-json\/wp\/v2\/comments?post=2517"}],"version-history":[{"count":111,"href":"https:\/\/argentinaweek.ar\/espana\/wp-json\/wp\/v2\/pages\/2517\/revisions"}],"predecessor-version":[{"id":4298,"href":"https:\/\/argentinaweek.ar\/espana\/wp-json\/wp\/v2\/pages\/2517\/revisions\/4298"}],"wp:attachment":[{"href":"https:\/\/argentinaweek.ar\/espana\/wp-json\/wp\/v2\/media?parent=2517"}],"curies":[{"name":"wp","href":"https:\/\/api.w.org\/{rel}","templated":true}]}}