{"id":2517,"date":"2023-07-06T06:38:20","date_gmt":"2023-07-06T06:38:20","guid":{"rendered":"https:\/\/demos.ascendoor.com\/elementory-agency\/?page_id=9"},"modified":"2024-06-23T18:37:18","modified_gmt":"2024-06-23T22:37:18","slug":"nosotros","status":"publish","type":"page","link":"https:\/\/argentinaweek.ar\/miami\/index.php\/nosotros\/","title":{"rendered":"Nosotros"},"content":{"rendered":"\t\t<div data-elementor-type=\"wp-page\" data-elementor-id=\"2517\" class=\"elementor elementor-2517\">\n\t\t\t\t\t\t<section class=\"elementor-section elementor-top-section elementor-element elementor-element-2f4a7067 elementor-section-full_width elementor-section-stretched elementor-section-height-default elementor-section-height-default\" data-id=\"2f4a7067\" data-element_type=\"section\" data-settings=\"{&quot;stretch_section&quot;:&quot;section-stretched&quot;,&quot;background_background&quot;:&quot;classic&quot;}\">\n\t\t\t\t\t\t<div class=\"elementor-container elementor-column-gap-no\">\n\t\t\t\t\t<div class=\"elementor-column elementor-col-100 elementor-top-column elementor-element elementor-element-6ea78949\" data-id=\"6ea78949\" data-element_type=\"column\">\n\t\t\t<div class=\"elementor-widget-wrap elementor-element-populated\">\n\t\t\t\t\t\t<section class=\"elementor-section elementor-inner-section elementor-element elementor-element-6e9a4fef elementor-section-boxed elementor-section-height-default elementor-section-height-default\" data-id=\"6e9a4fef\" data-element_type=\"section\">\n\t\t\t\t\t\t<div class=\"elementor-container elementor-column-gap-default\">\n\t\t\t\t\t<div class=\"elementor-column elementor-col-100 elementor-inner-column elementor-element elementor-element-38b013b4\" data-id=\"38b013b4\" data-element_type=\"column\">\n\t\t\t<div class=\"elementor-widget-wrap elementor-element-populated\">\n\t\t\t\t\t\t<div class=\"elementor-element elementor-element-1776efee elementor-widget elementor-widget-heading\" data-id=\"1776efee\" data-element_type=\"widget\" data-widget_type=\"heading.default\">\n\t\t\t\t<div class=\"elementor-widget-container\">\n\t\t\t<h2 class=\"elementor-heading-title elementor-size-default\">Nosotros<\/h2>\t\t<\/div>\n\t\t\t\t<\/div>\n\t\t\t\t\t<\/div>\n\t\t<\/div>\n\t\t\t\t\t<\/div>\n\t\t<\/section>\n\t\t\t\t\t<\/div>\n\t\t<\/div>\n\t\t\t\t\t<\/div>\n\t\t<\/section>\n\t\t<div class=\"elementor-element elementor-element-deb1dbb e-flex e-con-boxed e-con e-parent\" data-id=\"deb1dbb\" data-element_type=\"container\">\n\t\t\t\t\t<div class=\"e-con-inner\">\n\t\t\t\t<div class=\"elementor-element elementor-element-c2a9cdf elementor-widget elementor-widget-image\" data-id=\"c2a9cdf\" data-element_type=\"widget\" data-widget_type=\"image.default\">\n\t\t\t\t<div class=\"elementor-widget-container\">\n\t\t\t\t\t\t\t\t\t\t\t\t\t<img decoding=\"async\" width=\"300\" height=\"111\" data-src=\"https:\/\/argentinaweek.ar\/miami\/wp-content\/uploads\/2024\/06\/LOGO-MARCA-PAIS-300x111.png\" class=\"attachment-medium size-medium wp-image-2934 lazyload\" alt=\"\" data-srcset=\"https:\/\/argentinaweek.ar\/miami\/wp-content\/uploads\/2024\/06\/LOGO-MARCA-PAIS-300x111.png 300w, https:\/\/argentinaweek.ar\/miami\/wp-content\/uploads\/2024\/06\/LOGO-MARCA-PAIS-1024x380.png 1024w, https:\/\/argentinaweek.ar\/miami\/wp-content\/uploads\/2024\/06\/LOGO-MARCA-PAIS-768x285.png 768w, https:\/\/argentinaweek.ar\/miami\/wp-content\/uploads\/2024\/06\/LOGO-MARCA-PAIS-1536x571.png 1536w, https:\/\/argentinaweek.ar\/miami\/wp-content\/uploads\/2024\/06\/LOGO-MARCA-PAIS.png 1946w\" data-sizes=\"(max-width: 300px) 100vw, 300px\" src=\"data:image\/gif;base64,R0lGODlhAQABAAAAACH5BAEKAAEALAAAAAABAAEAAAICTAEAOw==\" style=\"--smush-placeholder-width: 300px; --smush-placeholder-aspect-ratio: 300\/111;\" \/><noscript><img decoding=\"async\" width=\"300\" height=\"111\" src=\"https:\/\/argentinaweek.ar\/miami\/wp-content\/uploads\/2024\/06\/LOGO-MARCA-PAIS-300x111.png\" class=\"attachment-medium size-medium wp-image-2934\" alt=\"\" srcset=\"https:\/\/argentinaweek.ar\/miami\/wp-content\/uploads\/2024\/06\/LOGO-MARCA-PAIS-300x111.png 300w, https:\/\/argentinaweek.ar\/miami\/wp-content\/uploads\/2024\/06\/LOGO-MARCA-PAIS-1024x380.png 1024w, https:\/\/argentinaweek.ar\/miami\/wp-content\/uploads\/2024\/06\/LOGO-MARCA-PAIS-768x285.png 768w, https:\/\/argentinaweek.ar\/miami\/wp-content\/uploads\/2024\/06\/LOGO-MARCA-PAIS-1536x571.png 1536w, https:\/\/argentinaweek.ar\/miami\/wp-content\/uploads\/2024\/06\/LOGO-MARCA-PAIS.png 1946w\" sizes=\"(max-width: 300px) 100vw, 300px\" \/><\/noscript>\t\t\t\t\t\t\t\t\t\t\t\t\t<\/div>\n\t\t\t\t<\/div>\n\t\t\t\t\t<\/div>\n\t\t\t\t<\/div>\n\t\t\t\t<section class=\"elementor-section elementor-top-section elementor-element elementor-element-6771d45b elementor-section-boxed elementor-section-height-default elementor-section-height-default\" data-id=\"6771d45b\" data-element_type=\"section\">\n\t\t\t\t\t\t<div class=\"elementor-container elementor-column-gap-default\">\n\t\t\t\t\t<div class=\"elementor-column elementor-col-50 elementor-top-column elementor-element elementor-element-1deefaa2\" data-id=\"1deefaa2\" data-element_type=\"column\">\n\t\t\t<div class=\"elementor-widget-wrap elementor-element-populated\">\n\t\t\t\t\t\t<div class=\"elementor-element elementor-element-4b6f03c7 elementor-widget elementor-widget-sina_title\" data-id=\"4b6f03c7\" data-element_type=\"widget\" data-widget_type=\"sina_title.default\">\n\t\t\t\t<div class=\"elementor-widget-container\">\n\t\t\t\t\t<div class=\"sina-title\">\r\n\t\t\t\r\n\t\t\t\t\t\t\t<h2 class=\"sina-title-title\"> Semana Argentina <span>en Miami<\/span><\/h2>\t\t\t\r\n\t\t\t\t\t\t\t<div class=\"sina-separator-wrap sina-flex\">\r\n\t\t\t\t\t<div class=\"sina-separator \"><\/div>\r\n\t\t\t\t<\/div>\r\n\t\t\t\r\n\t\t\t\r\n\t\t\t\t\t<\/div><!-- .sina-title -->\r\n\t\t\t\t<\/div>\n\t\t\t\t<\/div>\n\t\t\t\t\t<\/div>\n\t\t<\/div>\n\t\t\t\t<div class=\"elementor-column elementor-col-50 elementor-top-column elementor-element elementor-element-1f043456\" data-id=\"1f043456\" data-element_type=\"column\">\n\t\t\t<div class=\"elementor-widget-wrap elementor-element-populated\">\n\t\t\t\t\t\t<div class=\"elementor-element elementor-element-44d496ce elementor-widget elementor-widget-text-editor\" data-id=\"44d496ce\" data-element_type=\"widget\" data-widget_type=\"text-editor.default\">\n\t\t\t\t<div class=\"elementor-widget-container\">\n\t\t\t\t\t\t\t<p>La cocina va mucho m\u00e1s all\u00e1 de una simple pr\u00e1ctica cotidiana: es un portal que permite conocer la historia, la cultura y la diversidad de un pa\u00eds. Desde el 24 al 28 de junio, Argentina te invita a conocer los sabores y tradiciones que nos hacen \u00fanicos. Ac\u00e9rcate a disfrutar de nuestra gastronom\u00eda argentina en los condados de Miami Dade y Broward (Florida).<\/p>\t\t\t\t\t\t<\/div>\n\t\t\t\t<\/div>\n\t\t\t\t\t<\/div>\n\t\t<\/div>\n\t\t\t\t\t<\/div>\n\t\t<\/section>\n\t\t\t\t<section class=\"elementor-section elementor-top-section elementor-element elementor-element-45a7c295 elementor-section-boxed elementor-section-height-default elementor-section-height-default\" data-id=\"45a7c295\" data-element_type=\"section\" data-settings=\"{&quot;background_background&quot;:&quot;classic&quot;}\">\n\t\t\t\t\t\t\t<div class=\"elementor-background-overlay\"><\/div>\n\t\t\t\t\t\t\t<div class=\"elementor-container elementor-column-gap-no\">\n\t\t\t\t\t<div class=\"elementor-column elementor-col-100 elementor-top-column elementor-element elementor-element-12f93297\" data-id=\"12f93297\" data-element_type=\"column\">\n\t\t\t<div class=\"elementor-widget-wrap elementor-element-populated\">\n\t\t\t\t\t\t<div class=\"elementor-element elementor-element-896a37f elementor-widget elementor-widget-video\" data-id=\"896a37f\" data-element_type=\"widget\" data-settings=\"{&quot;youtube_url&quot;:&quot;https:\\\/\\\/www.youtube.com\\\/watch?v=UYRPnSFX-zo&quot;,&quot;autoplay&quot;:&quot;yes&quot;,&quot;play_on_mobile&quot;:&quot;yes&quot;,&quot;mute&quot;:&quot;yes&quot;,&quot;loop&quot;:&quot;yes&quot;,&quot;video_type&quot;:&quot;youtube&quot;,&quot;controls&quot;:&quot;yes&quot;}\" data-widget_type=\"video.default\">\n\t\t\t\t<div class=\"elementor-widget-container\">\n\t\t\t\t\t<div class=\"elementor-wrapper elementor-open-inline\">\n\t\t\t<div class=\"elementor-video\"><\/div>\t\t<\/div>\n\t\t\t\t<\/div>\n\t\t\t\t<\/div>\n\t\t\t\t\t<\/div>\n\t\t<\/div>\n\t\t\t\t\t<\/div>\n\t\t<\/section>\n\t\t\t\t<section class=\"elementor-section elementor-top-section elementor-element elementor-element-571ce17f elementor-section-boxed elementor-section-height-default elementor-section-height-default\" data-id=\"571ce17f\" data-element_type=\"section\" data-settings=\"{&quot;background_background&quot;:&quot;classic&quot;}\">\n\t\t\t\t\t\t<div class=\"elementor-container elementor-column-gap-extended\">\n\t\t\t\t\t<div class=\"elementor-column elementor-col-50 elementor-top-column elementor-element elementor-element-707f4aee\" data-id=\"707f4aee\" data-element_type=\"column\" data-settings=\"{&quot;background_background&quot;:&quot;classic&quot;}\">\n\t\t\t<div class=\"elementor-widget-wrap elementor-element-populated\">\n\t\t\t\t\t\t<section class=\"elementor-section elementor-inner-section elementor-element elementor-element-99ec3f4 elementor-section-boxed elementor-section-height-default elementor-section-height-default\" data-id=\"99ec3f4\" data-element_type=\"section\">\n\t\t\t\t\t\t<div class=\"elementor-container elementor-column-gap-default\">\n\t\t\t\t\t<div class=\"elementor-column elementor-col-100 elementor-inner-column elementor-element elementor-element-388f7d0d\" data-id=\"388f7d0d\" data-element_type=\"column\" data-settings=\"{&quot;background_background&quot;:&quot;classic&quot;}\">\n\t\t\t<div class=\"elementor-widget-wrap elementor-element-populated\">\n\t\t\t\t\t\t<div class=\"elementor-element elementor-element-50feb683 elementor-widget elementor-widget-heading\" data-id=\"50feb683\" data-element_type=\"widget\" data-widget_type=\"heading.default\">\n\t\t\t\t<div class=\"elementor-widget-container\">\n\t\t\t<h2 class=\"elementor-heading-title elementor-size-default\">\u00bfQu\u00e9 es la Semana Argentina?<\/h2>\t\t<\/div>\n\t\t\t\t<\/div>\n\t\t\t\t<div class=\"elementor-element elementor-element-b139694 elementor-widget elementor-widget-text-editor\" data-id=\"b139694\" data-element_type=\"widget\" data-widget_type=\"text-editor.default\">\n\t\t\t\t<div class=\"elementor-widget-container\">\n\t\t\t\t\t\t\t<p>Desde el 24 al 28 de junio, Argentina te invita a degustar nuestros sabores y vivir nuestra cultura. Ac\u00e9rcate a disfrutar de esta extraordinaria exhibici\u00f3n culinaria que refleja lo mejor de nuestra gastronom\u00eda.<\/p>\t\t\t\t\t\t<\/div>\n\t\t\t\t<\/div>\n\t\t\t\t\t<\/div>\n\t\t<\/div>\n\t\t\t\t\t<\/div>\n\t\t<\/section>\n\t\t\t\t\t<\/div>\n\t\t<\/div>\n\t\t\t\t<div class=\"elementor-column elementor-col-50 elementor-top-column elementor-element elementor-element-203315e6\" data-id=\"203315e6\" data-element_type=\"column\" data-settings=\"{&quot;background_background&quot;:&quot;classic&quot;}\">\n\t\t\t<div class=\"elementor-widget-wrap elementor-element-populated\">\n\t\t\t\t\t\t<section class=\"elementor-section elementor-inner-section elementor-element elementor-element-5072cf05 elementor-section-boxed elementor-section-height-default elementor-section-height-default\" data-id=\"5072cf05\" data-element_type=\"section\">\n\t\t\t\t\t\t<div class=\"elementor-container elementor-column-gap-default\">\n\t\t\t\t\t<div class=\"elementor-column elementor-col-100 elementor-inner-column elementor-element elementor-element-211bede0\" data-id=\"211bede0\" data-element_type=\"column\" data-settings=\"{&quot;background_background&quot;:&quot;classic&quot;}\">\n\t\t\t<div class=\"elementor-widget-wrap elementor-element-populated\">\n\t\t\t\t\t\t<div class=\"elementor-element elementor-element-5bef24e6 elementor-widget elementor-widget-heading\" data-id=\"5bef24e6\" data-element_type=\"widget\" data-widget_type=\"heading.default\">\n\t\t\t\t<div class=\"elementor-widget-container\">\n\t\t\t<h2 class=\"elementor-heading-title elementor-size-default\">\u00bfQui\u00e9nes participan?<\/h2>\t\t<\/div>\n\t\t\t\t<\/div>\n\t\t\t\t<div class=\"elementor-element elementor-element-55ca6098 elementor-widget elementor-widget-text-editor\" data-id=\"55ca6098\" data-element_type=\"widget\" data-widget_type=\"text-editor.default\">\n\t\t\t\t<div class=\"elementor-widget-container\">\n\t\t\t\t\t\t\t<p>Argentina desplegar\u00e1 en Miami men\u00faes promocionales en los locales gastron\u00f3micos con platos y productos argentinos que definen nuestra identidad culinaria. Te invitamos a conocerlos y volverte fan\u00e1tico de nuestros sabores.<\/p>\t\t\t\t\t\t<\/div>\n\t\t\t\t<\/div>\n\t\t\t\t\t<\/div>\n\t\t<\/div>\n\t\t\t\t\t<\/div>\n\t\t<\/section>\n\t\t\t\t\t<\/div>\n\t\t<\/div>\n\t\t\t\t\t<\/div>\n\t\t<\/section>\n\t\t\t\t<section class=\"elementor-section elementor-top-section elementor-element elementor-element-662bafd1 elementor-section-content-middle elementor-section-stretched elementor-section-boxed elementor-section-height-default elementor-section-height-default\" data-id=\"662bafd1\" data-element_type=\"section\" data-settings=\"{&quot;stretch_section&quot;:&quot;section-stretched&quot;,&quot;background_background&quot;:&quot;classic&quot;}\">\n\t\t\t\t\t\t\t<div class=\"elementor-background-overlay\"><\/div>\n\t\t\t\t\t\t\t<div class=\"elementor-container elementor-column-gap-default\">\n\t\t\t\t\t<div class=\"elementor-column elementor-col-100 elementor-top-column elementor-element elementor-element-17d9c63\" data-id=\"17d9c63\" data-element_type=\"column\">\n\t\t\t<div class=\"elementor-widget-wrap elementor-element-populated\">\n\t\t\t\t\t\t<div class=\"elementor-element elementor-element-612a81b elementor-widget elementor-widget-shortcode\" data-id=\"612a81b\" data-element_type=\"widget\" data-widget_type=\"shortcode.default\">\n\t\t\t\t<div class=\"elementor-widget-container\">\n\t\t\t\t\t<div class=\"elementor-shortcode\"><\/div>\n\t\t\t\t<\/div>\n\t\t\t\t<\/div>\n\t\t\t\t\t<\/div>\n\t\t<\/div>\n\t\t\t\t\t<\/div>\n\t\t<\/section>\n\t\t\t\t<\/div>\n\t\t","protected":false},"excerpt":{"rendered":"<p>Nosotros Semana Argentina en Miami La cocina va mucho m\u00e1s all\u00e1 de una simple pr\u00e1ctica cotidiana: es un portal que&hellip;<\/p>\n","protected":false},"author":1,"featured_media":0,"parent":0,"menu_order":0,"comment_status":"closed","ping_status":"closed","template":"elementor_header_footer","meta":{"rank_math_lock_modified_date":false,"footnotes":""},"class_list":["post-2517","page","type-page","status-publish","hentry"],"_links":{"self":[{"href":"https:\/\/argentinaweek.ar\/miami\/index.php\/wp-json\/wp\/v2\/pages\/2517","targetHints":{"allow":["GET"]}}],"collection":[{"href":"https:\/\/argentinaweek.ar\/miami\/index.php\/wp-json\/wp\/v2\/pages"}],"about":[{"href":"https:\/\/argentinaweek.ar\/miami\/index.php\/wp-json\/wp\/v2\/types\/page"}],"author":[{"embeddable":true,"href":"https:\/\/argentinaweek.ar\/miami\/index.php\/wp-json\/wp\/v2\/users\/1"}],"replies":[{"embeddable":true,"href":"https:\/\/argentinaweek.ar\/miami\/index.php\/wp-json\/wp\/v2\/comments?post=2517"}],"version-history":[{"count":69,"href":"https:\/\/argentinaweek.ar\/miami\/index.php\/wp-json\/wp\/v2\/pages\/2517\/revisions"}],"predecessor-version":[{"id":3431,"href":"https:\/\/argentinaweek.ar\/miami\/index.php\/wp-json\/wp\/v2\/pages\/2517\/revisions\/3431"}],"wp:attachment":[{"href":"https:\/\/argentinaweek.ar\/miami\/index.php\/wp-json\/wp\/v2\/media?parent=2517"}],"curies":[{"name":"wp","href":"https:\/\/api.w.org\/{rel}","templated":true}]}}